{"id":52,"date":"2016-12-11T11:43:11","date_gmt":"2016-12-11T10:43:11","guid":{"rendered":"http:\/\/ministerstwo-urody.eu\/ilona-nalewajka\/?page_id=52"},"modified":"2023-02-15T23:19:21","modified_gmt":"2023-02-15T22:19:21","slug":"kontakt","status":"publish","type":"page","link":"http:\/\/ministerstwo-urody.eu\/ilona-nalewajka\/kontakt\/","title":{"rendered":"Kontakt"},"content":{"rendered":"<p>[et_pb_section fb_built=&#8221;1&#8243; inner_shadow=&#8221;on&#8221; fullwidth=&#8221;on&#8221; custom_padding_last_edited=&#8221;on|desktop&#8221; admin_label=&#8221;section&#8221; _builder_version=&#8221;4.16&#8243; background_color=&#8221;#2ea3f2&#8243; background_image=&#8221;http:\/\/ministerstwo-urody.eu\/ilona-nalewajka\/wp-content\/uploads\/sites\/2\/2016\/12\/t\u0142o-kolekcje.jpg&#8221; parallax=&#8221;on&#8221; custom_padding_tablet=&#8221;50px|0|50px|0&#8243; transparent_background=&#8221;off&#8221; padding_mobile=&#8221;off&#8221; make_fullwidth=&#8221;off&#8221; use_custom_width=&#8221;off&#8221; width_unit=&#8221;on&#8221; global_colors_info=&#8221;{}&#8221; custom_padding_phone=&#8221;50px|0|50px|0&#8243;][et_pb_fullwidth_header title=&#8221;Kontakt&#8221; subhead=&#8221;Skorzystaj z formularza kontaktowego lub zadzwo\u0144!&#8221; content_max_width=&#8221;none&#8221; title_font_color=&#8221;#cfb53b&#8221; subhead_font_color=&#8221;#cfb53b&#8221; admin_label=&#8221;Fullwidth Header&#8221; _builder_version=&#8221;4.16&#8243; title_font=&#8221;Playfair Display||||&#8221; title_text_color=&#8221;#cfb53b&#8221; subhead_font=&#8221;Raleway||||&#8221; subhead_text_color=&#8221;#cfb53b&#8221; background_color=&#8221;rgba(255, 255, 255, 0)&#8221; button_one_letter_spacing_hover=&#8221;0&#8243; button_two_letter_spacing_hover=&#8221;0&#8243; global_colors_info=&#8221;{}&#8221; button_one_text_size__hover_enabled=&#8221;off&#8221; button_two_text_size__hover_enabled=&#8221;off&#8221; button_one_text_color__hover_enabled=&#8221;off&#8221; button_two_text_color__hover_enabled=&#8221;off&#8221; button_one_border_width__hover_enabled=&#8221;off&#8221; button_two_border_width__hover_enabled=&#8221;off&#8221; button_one_border_color__hover_enabled=&#8221;off&#8221; button_two_border_color__hover_enabled=&#8221;off&#8221; button_one_border_radius__hover_enabled=&#8221;off&#8221; button_two_border_radius__hover_enabled=&#8221;off&#8221; button_one_letter_spacing__hover_enabled=&#8221;on&#8221; button_one_letter_spacing__hover=&#8221;0&#8243; button_two_letter_spacing__hover_enabled=&#8221;on&#8221; button_two_letter_spacing__hover=&#8221;0&#8243; button_one_bg_color__hover_enabled=&#8221;off&#8221; button_two_bg_color__hover_enabled=&#8221;off&#8221;][\/et_pb_fullwidth_header][\/et_pb_section][et_pb_section fb_built=&#8221;1&#8243; custom_padding_last_edited=&#8221;on|desktop&#8221; admin_label=&#8221;section&#8221; _builder_version=&#8221;4.16&#8243; background_color=&#8221;#171717&#8243; custom_padding_tablet=&#8221;50px|0|50px|0&#8243; transparent_background=&#8221;off&#8221; padding_mobile=&#8221;off&#8221; make_fullwidth=&#8221;off&#8221; use_custom_width=&#8221;off&#8221; width_unit=&#8221;on&#8221; global_colors_info=&#8221;{}&#8221; custom_padding_phone=&#8221;50px|0|50px|0&#8243;][et_pb_row admin_label=&#8221;row&#8221; _builder_version=&#8221;4.16&#8243; background_size=&#8221;initial&#8221; background_position=&#8221;top_left&#8221; background_repeat=&#8221;repeat&#8221; global_colors_info=&#8221;{}&#8221; column_structure=&#8221;2_3,1_3&#8243;][et_pb_column type=&#8221;2_3&#8243; _builder_version=&#8221;4.16&#8243; custom_padding=&#8221;|||&#8221; global_colors_info=&#8221;{}&#8221; custom_padding__hover=&#8221;|||&#8221;][et_pb_contact_form captcha=&#8221;off&#8221; email=&#8221;m.urody.in@gmail.com&#8221; title=&#8221;Szkolenia \/ Wsp\u00f3\u0142praca &#8211; wy\u015blij wiadomo\u015b\u0107!&#8221; success_message=&#8221;Wysy\u0142anie powiod\u0142o si\u0119! Dzi\u0119kujemy!&#8221; admin_label=&#8221;Contact Form&#8221; _builder_version=&#8221;4.16&#8243; _unique_id=&#8221;2b8e3549-78c4-464d-92c6-d9812615095c&#8221; form_field_background_color=&#8221;rgba(0,0,0,0)&#8221; form_field_text_color=&#8221;#cfb53b&#8221; title_font=&#8221;Playfair Display||||&#8221; title_text_color=&#8221;#cfb53b&#8221; form_field_font=&#8221;Raleway||||&#8221; custom_button=&#8221;on&#8221; button_text_color=&#8221;#cfb53b&#8221; button_border_color=&#8221;#cfb53b&#8221; button_border_radius=&#8221;0&#8243; button_font=&#8221;Playfair Display||||&#8221; button_icon=&#8221;&#x24;||divi||400&#8243; button_icon_color=&#8221;#cfb53b&#8221; border_radii=&#8221;on|1px|1px|1px|1px&#8221; border_width_all=&#8221;1px&#8221; border_color_all=&#8221;#cfb53b&#8221; border_style_all=&#8221;solid&#8221; use_border_color=&#8221;on&#8221; border_color=&#8221;#cfb53b&#8221; border_style=&#8221;solid&#8221; input_border_radius=&#8221;1&#8243; form_background_color=&#8221;rgba(0,0,0,0)&#8221; global_colors_info=&#8221;{}&#8221;][et_pb_contact_field field_id=&#8221;Name&#8221; field_title=&#8221;Imi\u0119 i nazwisko&#8221; _builder_version=&#8221;4.16&#8243; form_field_font=&#8221;||||&#8221; use_border_color=&#8221;off&#8221; border_style=&#8221;solid&#8221; global_colors_info=&#8221;{}&#8221; button_text_size__hover_enabled=&#8221;off&#8221; button_one_text_size__hover_enabled=&#8221;off&#8221; button_two_text_size__hover_enabled=&#8221;off&#8221; button_text_color__hover_enabled=&#8221;off&#8221; button_one_text_color__hover_enabled=&#8221;off&#8221; button_two_text_color__hover_enabled=&#8221;off&#8221; button_border_width__hover_enabled=&#8221;off&#8221; button_one_border_width__hover_enabled=&#8221;off&#8221; button_two_border_width__hover_enabled=&#8221;off&#8221; button_border_color__hover_enabled=&#8221;off&#8221; button_one_border_color__hover_enabled=&#8221;off&#8221; button_two_border_color__hover_enabled=&#8221;off&#8221; button_border_radius__hover_enabled=&#8221;off&#8221; button_one_border_radius__hover_enabled=&#8221;off&#8221; button_two_border_radius__hover_enabled=&#8221;off&#8221; button_letter_spacing__hover_enabled=&#8221;off&#8221; button_one_letter_spacing__hover_enabled=&#8221;off&#8221; button_two_letter_spacing__hover_enabled=&#8221;off&#8221; button_bg_color__hover_enabled=&#8221;off&#8221; button_one_bg_color__hover_enabled=&#8221;off&#8221; button_two_bg_color__hover_enabled=&#8221;off&#8221;] [\/et_pb_contact_field][et_pb_contact_field field_id=&#8221;Telefon&#8221; field_title=&#8221;Numer telefonu&#8221; _builder_version=&#8221;4.16&#8243; form_field_font=&#8221;||||&#8221; use_border_color=&#8221;off&#8221; border_style=&#8221;solid&#8221; global_colors_info=&#8221;{}&#8221; button_text_size__hover_enabled=&#8221;off&#8221; button_one_text_size__hover_enabled=&#8221;off&#8221; button_two_text_size__hover_enabled=&#8221;off&#8221; button_text_color__hover_enabled=&#8221;off&#8221; button_one_text_color__hover_enabled=&#8221;off&#8221; button_two_text_color__hover_enabled=&#8221;off&#8221; button_border_width__hover_enabled=&#8221;off&#8221; button_one_border_width__hover_enabled=&#8221;off&#8221; button_two_border_width__hover_enabled=&#8221;off&#8221; button_border_color__hover_enabled=&#8221;off&#8221; button_one_border_color__hover_enabled=&#8221;off&#8221; button_two_border_color__hover_enabled=&#8221;off&#8221; button_border_radius__hover_enabled=&#8221;off&#8221; button_one_border_radius__hover_enabled=&#8221;off&#8221; button_two_border_radius__hover_enabled=&#8221;off&#8221; button_letter_spacing__hover_enabled=&#8221;off&#8221; button_one_letter_spacing__hover_enabled=&#8221;off&#8221; button_two_letter_spacing__hover_enabled=&#8221;off&#8221; button_bg_color__hover_enabled=&#8221;off&#8221; button_one_bg_color__hover_enabled=&#8221;off&#8221; button_two_bg_color__hover_enabled=&#8221;off&#8221;] [\/et_pb_contact_field][et_pb_contact_field field_id=&#8221;email&#8221; field_title=&#8221;Adres e-mail&#8221; field_type=&#8221;email&#8221; _builder_version=&#8221;4.16&#8243; form_field_font=&#8221;||||&#8221; border_radii=&#8221;on|0px|0px|0px|0px&#8221; use_border_color=&#8221;off&#8221; border_style=&#8221;solid&#8221; input_border_radius=&#8221;0&#8243; global_colors_info=&#8221;{}&#8221; button_text_size__hover_enabled=&#8221;off&#8221; button_one_text_size__hover_enabled=&#8221;off&#8221; button_two_text_size__hover_enabled=&#8221;off&#8221; button_text_color__hover_enabled=&#8221;off&#8221; button_one_text_color__hover_enabled=&#8221;off&#8221; button_two_text_color__hover_enabled=&#8221;off&#8221; button_border_width__hover_enabled=&#8221;off&#8221; button_one_border_width__hover_enabled=&#8221;off&#8221; button_two_border_width__hover_enabled=&#8221;off&#8221; button_border_color__hover_enabled=&#8221;off&#8221; button_one_border_color__hover_enabled=&#8221;off&#8221; button_two_border_color__hover_enabled=&#8221;off&#8221; button_border_radius__hover_enabled=&#8221;off&#8221; button_one_border_radius__hover_enabled=&#8221;off&#8221; button_two_border_radius__hover_enabled=&#8221;off&#8221; button_letter_spacing__hover_enabled=&#8221;off&#8221; button_one_letter_spacing__hover_enabled=&#8221;off&#8221; button_two_letter_spacing__hover_enabled=&#8221;off&#8221; button_bg_color__hover_enabled=&#8221;off&#8221; button_one_bg_color__hover_enabled=&#8221;off&#8221; button_two_bg_color__hover_enabled=&#8221;off&#8221;] [\/et_pb_contact_field][et_pb_contact_field field_id=&#8221;temat&#8221; field_title=&#8221;Temat wiadomo\u015bci&#8221; required_mark=&#8221;off&#8221; _builder_version=&#8221;4.16&#8243; form_field_font=&#8221;||||&#8221; border_radii=&#8221;on|0px|0px|0px|0px&#8221; use_border_color=&#8221;off&#8221; border_style=&#8221;solid&#8221; input_border_radius=&#8221;0&#8243; global_colors_info=&#8221;{}&#8221; button_text_size__hover_enabled=&#8221;off&#8221; button_one_text_size__hover_enabled=&#8221;off&#8221; button_two_text_size__hover_enabled=&#8221;off&#8221; button_text_color__hover_enabled=&#8221;off&#8221; button_one_text_color__hover_enabled=&#8221;off&#8221; button_two_text_color__hover_enabled=&#8221;off&#8221; button_border_width__hover_enabled=&#8221;off&#8221; button_one_border_width__hover_enabled=&#8221;off&#8221; button_two_border_width__hover_enabled=&#8221;off&#8221; button_border_color__hover_enabled=&#8221;off&#8221; button_one_border_color__hover_enabled=&#8221;off&#8221; button_two_border_color__hover_enabled=&#8221;off&#8221; button_border_radius__hover_enabled=&#8221;off&#8221; button_one_border_radius__hover_enabled=&#8221;off&#8221; button_two_border_radius__hover_enabled=&#8221;off&#8221; button_letter_spacing__hover_enabled=&#8221;off&#8221; button_one_letter_spacing__hover_enabled=&#8221;off&#8221; button_two_letter_spacing__hover_enabled=&#8221;off&#8221; button_bg_color__hover_enabled=&#8221;off&#8221; button_one_bg_color__hover_enabled=&#8221;off&#8221; button_two_bg_color__hover_enabled=&#8221;off&#8221;] [\/et_pb_contact_field][et_pb_contact_field field_id=&#8221;Message&#8221; field_title=&#8221;Wiadomo\u015b\u0107&#8221; field_type=&#8221;text&#8221; fullwidth_field=&#8221;on&#8221; _builder_version=&#8221;4.16&#8243; form_field_font=&#8221;||||&#8221; use_border_color=&#8221;off&#8221; border_style=&#8221;solid&#8221; global_colors_info=&#8221;{}&#8221; button_text_size__hover_enabled=&#8221;off&#8221; button_one_text_size__hover_enabled=&#8221;off&#8221; button_two_text_size__hover_enabled=&#8221;off&#8221; button_text_color__hover_enabled=&#8221;off&#8221; button_one_text_color__hover_enabled=&#8221;off&#8221; button_two_text_color__hover_enabled=&#8221;off&#8221; button_border_width__hover_enabled=&#8221;off&#8221; button_one_border_width__hover_enabled=&#8221;off&#8221; button_two_border_width__hover_enabled=&#8221;off&#8221; button_border_color__hover_enabled=&#8221;off&#8221; button_one_border_color__hover_enabled=&#8221;off&#8221; button_two_border_color__hover_enabled=&#8221;off&#8221; button_border_radius__hover_enabled=&#8221;off&#8221; button_one_border_radius__hover_enabled=&#8221;off&#8221; button_two_border_radius__hover_enabled=&#8221;off&#8221; button_letter_spacing__hover_enabled=&#8221;off&#8221; button_one_letter_spacing__hover_enabled=&#8221;off&#8221; button_two_letter_spacing__hover_enabled=&#8221;off&#8221; button_bg_color__hover_enabled=&#8221;off&#8221; button_one_bg_color__hover_enabled=&#8221;off&#8221; button_two_bg_color__hover_enabled=&#8221;off&#8221;] [\/et_pb_contact_field][\/et_pb_contact_form][\/et_pb_column][et_pb_column type=&#8221;1_3&#8243; _builder_version=&#8221;4.16&#8243; custom_padding=&#8221;|||&#8221; global_colors_info=&#8221;{}&#8221; custom_padding__hover=&#8221;|||&#8221;][et_pb_text admin_label=&#8221;Text&#8221; _builder_version=&#8221;4.16&#8243; text_font=&#8221;Raleway|||on|&#8221; text_font_size=&#8221;18&#8243; text_letter_spacing=&#8221;2px&#8221; header_font=&#8221;Playfair Display||||&#8221; header_text_color=&#8221;#cfb53b&#8221; background_size=&#8221;initial&#8221; background_position=&#8221;top_left&#8221; background_repeat=&#8221;repeat&#8221; background_layout=&#8221;dark&#8221; use_border_color=&#8221;off&#8221; border_color=&#8221;#ffffff&#8221; border_style=&#8221;solid&#8221; global_colors_info=&#8221;{}&#8221;]<\/p>\n<h1>Wi\u0119cej informacji<\/h1>\n<p>Ministerstwo Urody<br \/>\nul.Pi\u0119kna 5<br \/>\n42-200 Cz\u0119stochowa<br \/>\n<a href=\"tel:+48502282513\">+48 502 282 513<\/a><br \/>\n<a href=\"mailto:m.urody.in@gmail.com\">m.urody.in@gmail.com<\/a><br \/>\n[\/et_pb_text][\/et_pb_column][\/et_pb_row][\/et_pb_section][et_pb_section fb_built=&#8221;1&#8243; fullwidth=&#8221;on&#8221; admin_label=&#8221;Sekcja&#8221; _builder_version=&#8221;4.16&#8243; global_colors_info=&#8221;{}&#8221;][et_pb_fullwidth_map address=&#8221;Pi\u0119kna 3, Cz\u0119stochowa, Polska&#8221; zoom_level=&#8221;20&#8243; address_lat=&#8221;50.7749996&#8243; address_lng=&#8221;19.110212600000068&#8243; admin_label=&#8221;Mapa pe\u0142nej szeroko\u015bci&#8221; _builder_version=&#8221;4.19.5&#8243; hover_enabled=&#8221;0&#8243; global_colors_info=&#8221;{}&#8221; google_api_key=&#8221;AIzaSyBG4jtoKlB_hoYmUV2u1qBmUCFYknF8tLQ&#8221; sticky_enabled=&#8221;0&#8243;][et_pb_map_pin title=&#8221;Ministerstwo Urody&#8221; pin_address=&#8221;Pi\u0119kna 3, Cz\u0119stochowa, Polska&#8221; pin_address_lat=&#8221;50.7749996&#8243; pin_address_lng=&#8221;19.110212600000068&#8243; _builder_version=&#8221;3.0.47&#8243; global_colors_info=&#8221;{}&#8221;] [\/et_pb_map_pin][\/et_pb_fullwidth_map][\/et_pb_section]<\/p>\n","protected":false},"excerpt":{"rendered":"<p>Wi\u0119cej informacji Ministerstwo Urody ul.Pi\u0119kna 5 42-200 Cz\u0119stochowa +48 502 282 513 m.urody.in@gmail.com<\/p>\n","protected":false},"author":1,"featured_media":0,"parent":0,"menu_order":0,"comment_status":"closed","ping_status":"closed","template":"","meta":{"_et_pb_use_builder":"on","_et_pb_old_content":"","_et_gb_content_width":""},"yoast_head":"<!-- This site is optimized with the Yoast SEO plugin v20.1 - https:\/\/yoast.com\/wordpress\/plugins\/seo\/ -->\n<title>Kontakt - Szkolenia Fryzjerskie | Ilona Nalewajka<\/title>\n<meta name=\"robots\" content=\"index, follow, max-snippet:-1, max-image-preview:large, max-video-preview:-1\" \/>\n<link rel=\"canonical\" href=\"http:\/\/ministerstwo-urody.eu\/ilona-nalewajka\/kontakt\/\" \/>\n<meta property=\"og:locale\" content=\"pl_PL\" \/>\n<meta property=\"og:type\" content=\"article\" \/>\n<meta property=\"og:title\" content=\"Kontakt - Szkolenia Fryzjerskie | Ilona Nalewajka\" \/>\n<meta property=\"og:description\" content=\"Wi\u0119cej informacji Ministerstwo Urody ul.Pi\u0119kna 5 42-200 Cz\u0119stochowa +48 502 282 513 m.urody.in@gmail.com\" \/>\n<meta property=\"og:url\" content=\"http:\/\/ministerstwo-urody.eu\/ilona-nalewajka\/kontakt\/\" \/>\n<meta property=\"og:site_name\" content=\"Ilona Nalewajka\" \/>\n<meta property=\"article:modified_time\" content=\"2023-02-15T22:19:21+00:00\" \/>\n<meta name=\"twitter:card\" content=\"summary_large_image\" \/>\n<meta name=\"twitter:label1\" content=\"Szacowany czas czytania\" \/>\n\t<meta name=\"twitter:data1\" content=\"8 minut\" \/>\n<script type=\"application\/ld+json\" class=\"yoast-schema-graph\">{\"@context\":\"https:\/\/schema.org\",\"@graph\":[{\"@type\":\"WebPage\",\"@id\":\"http:\/\/ministerstwo-urody.eu\/ilona-nalewajka\/kontakt\/\",\"url\":\"http:\/\/ministerstwo-urody.eu\/ilona-nalewajka\/kontakt\/\",\"name\":\"Kontakt - Szkolenia Fryzjerskie | Ilona Nalewajka\",\"isPartOf\":{\"@id\":\"http:\/\/ministerstwo-urody.eu\/ilona-nalewajka\/#website\"},\"datePublished\":\"2016-12-11T10:43:11+00:00\",\"dateModified\":\"2023-02-15T22:19:21+00:00\",\"breadcrumb\":{\"@id\":\"http:\/\/ministerstwo-urody.eu\/ilona-nalewajka\/kontakt\/#breadcrumb\"},\"inLanguage\":\"pl-PL\",\"potentialAction\":[{\"@type\":\"ReadAction\",\"target\":[\"http:\/\/ministerstwo-urody.eu\/ilona-nalewajka\/kontakt\/\"]}]},{\"@type\":\"BreadcrumbList\",\"@id\":\"http:\/\/ministerstwo-urody.eu\/ilona-nalewajka\/kontakt\/#breadcrumb\",\"itemListElement\":[{\"@type\":\"ListItem\",\"position\":1,\"name\":\"Strona g\u0142\u00f3wna\",\"item\":\"http:\/\/ministerstwo-urody.eu\/ilona-nalewajka\/\"},{\"@type\":\"ListItem\",\"position\":2,\"name\":\"Kontakt\"}]},{\"@type\":\"WebSite\",\"@id\":\"http:\/\/ministerstwo-urody.eu\/ilona-nalewajka\/#website\",\"url\":\"http:\/\/ministerstwo-urody.eu\/ilona-nalewajka\/\",\"name\":\"Ilona Nalewajka\",\"description\":\"Szkolenia Fryzjerskie - Fryzjer Stylista\",\"potentialAction\":[{\"@type\":\"SearchAction\",\"target\":{\"@type\":\"EntryPoint\",\"urlTemplate\":\"http:\/\/ministerstwo-urody.eu\/ilona-nalewajka\/?s={search_term_string}\"},\"query-input\":\"required name=search_term_string\"}],\"inLanguage\":\"pl-PL\"}]}<\/script>\n<!-- \/ Yoast SEO plugin. -->","yoast_head_json":{"title":"Kontakt - Szkolenia Fryzjerskie | Ilona Nalewajka","robots":{"index":"index","follow":"follow","max-snippet":"max-snippet:-1","max-image-preview":"max-image-preview:large","max-video-preview":"max-video-preview:-1"},"canonical":"http:\/\/ministerstwo-urody.eu\/ilona-nalewajka\/kontakt\/","og_locale":"pl_PL","og_type":"article","og_title":"Kontakt - Szkolenia Fryzjerskie | Ilona Nalewajka","og_description":"Wi\u0119cej informacji Ministerstwo Urody ul.Pi\u0119kna 5 42-200 Cz\u0119stochowa +48 502 282 513 m.urody.in@gmail.com","og_url":"http:\/\/ministerstwo-urody.eu\/ilona-nalewajka\/kontakt\/","og_site_name":"Ilona Nalewajka","article_modified_time":"2023-02-15T22:19:21+00:00","twitter_card":"summary_large_image","twitter_misc":{"Szacowany czas czytania":"8 minut"},"schema":{"@context":"https:\/\/schema.org","@graph":[{"@type":"WebPage","@id":"http:\/\/ministerstwo-urody.eu\/ilona-nalewajka\/kontakt\/","url":"http:\/\/ministerstwo-urody.eu\/ilona-nalewajka\/kontakt\/","name":"Kontakt - Szkolenia Fryzjerskie | Ilona Nalewajka","isPartOf":{"@id":"http:\/\/ministerstwo-urody.eu\/ilona-nalewajka\/#website"},"datePublished":"2016-12-11T10:43:11+00:00","dateModified":"2023-02-15T22:19:21+00:00","breadcrumb":{"@id":"http:\/\/ministerstwo-urody.eu\/ilona-nalewajka\/kontakt\/#breadcrumb"},"inLanguage":"pl-PL","potentialAction":[{"@type":"ReadAction","target":["http:\/\/ministerstwo-urody.eu\/ilona-nalewajka\/kontakt\/"]}]},{"@type":"BreadcrumbList","@id":"http:\/\/ministerstwo-urody.eu\/ilona-nalewajka\/kontakt\/#breadcrumb","itemListElement":[{"@type":"ListItem","position":1,"name":"Strona g\u0142\u00f3wna","item":"http:\/\/ministerstwo-urody.eu\/ilona-nalewajka\/"},{"@type":"ListItem","position":2,"name":"Kontakt"}]},{"@type":"WebSite","@id":"http:\/\/ministerstwo-urody.eu\/ilona-nalewajka\/#website","url":"http:\/\/ministerstwo-urody.eu\/ilona-nalewajka\/","name":"Ilona Nalewajka","description":"Szkolenia Fryzjerskie - Fryzjer Stylista","potentialAction":[{"@type":"SearchAction","target":{"@type":"EntryPoint","urlTemplate":"http:\/\/ministerstwo-urody.eu\/ilona-nalewajka\/?s={search_term_string}"},"query-input":"required name=search_term_string"}],"inLanguage":"pl-PL"}]}},"_links":{"self":[{"href":"http:\/\/ministerstwo-urody.eu\/ilona-nalewajka\/wp-json\/wp\/v2\/pages\/52"}],"collection":[{"href":"http:\/\/ministerstwo-urody.eu\/ilona-nalewajka\/wp-json\/wp\/v2\/pages"}],"about":[{"href":"http:\/\/ministerstwo-urody.eu\/ilona-nalewajka\/wp-json\/wp\/v2\/types\/page"}],"author":[{"embeddable":true,"href":"http:\/\/ministerstwo-urody.eu\/ilona-nalewajka\/wp-json\/wp\/v2\/users\/1"}],"replies":[{"embeddable":true,"href":"http:\/\/ministerstwo-urody.eu\/ilona-nalewajka\/wp-json\/wp\/v2\/comments?post=52"}],"version-history":[{"count":16,"href":"http:\/\/ministerstwo-urody.eu\/ilona-nalewajka\/wp-json\/wp\/v2\/pages\/52\/revisions"}],"predecessor-version":[{"id":1834,"href":"http:\/\/ministerstwo-urody.eu\/ilona-nalewajka\/wp-json\/wp\/v2\/pages\/52\/revisions\/1834"}],"wp:attachment":[{"href":"http:\/\/ministerstwo-urody.eu\/ilona-nalewajka\/wp-json\/wp\/v2\/media?parent=52"}],"curies":[{"name":"wp","href":"https:\/\/api.w.org\/{rel}","templated":true}]}}